{"id":2,"date":"2007-03-05T16:43:07","date_gmt":"2007-03-05T22:43:07","guid":{"rendered":""},"modified":"2012-06-27T15:03:21","modified_gmt":"2012-06-27T21:03:21","slug":"about","status":"publish","type":"page","link":"https:\/\/nachonavarro.com\/?page_id=2","title":{"rendered":"Nacho Navarro"},"content":{"rendered":"<p><center><strong><\/p>\n<h4>RESUMEN<\/h4>\n<p><\/strong><\/center><\/p>\n<p><center><figure class=\"full-width-mobile alignnone thin\" style=\"width: 352px;\"><a href=\"http:\/\/nachonavarro.com\/wp-content\/uploads\/2007\/03\/nacho1.jpg\" class=\"fancybox\" title=\"\"><img alt=\"\" src=\"https:\/\/nachonavarro.com\/wp-content\/uploads\/2007\/03\/nacho1.jpg\" class=\"wp-image-377\" \/><\/a><\/figure><\/p>\n<p><\/center><\/p>\n<p><center><strong>Ignacio Navarro Valle<\/strong><\/center><br \/>\n<strong>ACTUALMENTE<\/strong> miembro de <strong>CONTRACULTURA, A.C.  <em>..hacemos arquitectura humana\u00ae<\/em><\/strong> Consultores de Inversi\u00f3n en Capital Humano y Planeaci\u00f3n Estrat\u00e9gica<\/p>\n<p>Consultor, Asesor, Entrenador personal de empresarios, directivos y profesionistas de Jalisco, Aguascalientes, Quer\u00e9taro y DF. Invitado al consejo de C\u00e1maras Empresariales de  Jalisco y de empresas en ese estado, Quer\u00e9taro, Michoac\u00e1n, Nayarit, D.F.,  y Aguascalientes, respectivamente.<\/p>\n<p><strong>CONFERENCISTA<\/strong><br \/>\n* <strong>El liderazgo seg\u00fan Peter F. Drucker * La Estrategia<\/strong> del <font color=\"blue\">Oc\u00e9ano Azul<\/font> en los Negocios de los investigadores W. Chan Kim y Ren\u00e9e Mauborgne <strong>Harvard Busisness School Press<\/strong><br \/>\n* Las <strong>7 Barreras del \u00c9xito Empresarial<\/strong> presentada en las 12 regiones del estado de Jalisco<br \/>\n*Las <strong>\u201cC\u201d\u00a9<\/strong> para formar equipos exitosos en M\u00e9xico.<\/p>\n<p><strong>AUTOR<\/strong><br \/>\nDel Libro <strong>Mexicanos al grito de Esfu\u00e9rzate, rompiendo paradigmas en M\u00e9xico\u00a9<\/strong> con prologo de Coco del R\u00edo asesora de la selecci\u00f3n de f\u00fatbol sub 17 campeona mundial 2005<br \/>\n<a href=\"http:\/\/www.mexicanosalgritodeesfuerzate.com\">www.mexicanosalgritodeesfuerzate.com<\/a><br \/>\nLas <strong>100 CONTRACULTURAS\u00ae<\/strong> para la vida<br \/>\nLas <strong>7 PASOS del Liderazgo CONTRACULTURA\u00ae<\/strong><\/p>\n<p><strong>ESTUDIOS<\/strong><br \/>\nContadur\u00eda U de G<br \/>\nMaestr\u00eda en Derecho Fiscal Universidad Panamericana (UP) del DF<br \/>\nPrograma en Direcci\u00f3n de Empresas (IDE) del IPADE<br \/>\nMaestr\u00eda en Ciencias Humanas Universidad Antropol\u00f3gica de Gdl<br \/>\nEntrenador Certificado por The NPL of California y Centro Mexicano de PNL<\/p>\n<p><strong>EX SOCIO de impuestos en<\/strong><br \/>\nBaker &#038; Mckenzie M\u00e9xico. De 2004 a 2005<br \/>\nErnst &#038; Young M\u00e9xico. De 1992 a 2004. Radic\u00f3 2 a\u00f1os en Chicago, Il.<br \/>\nDeloitte DF. De 1990-1992<\/p>\n<p><strong>ESCRIBE<\/strong> sobre liderazgo y acci\u00f3n en el semanario El Observador  y en el influyente sitio <a href=\"http:\/\/www.yoinfluyo.com\">www.yoinfluyo.com<\/a> y en su blog <a href=\"http:\/\/www.nachonavarro.org\">www.nachonavarro.org<\/a> la <font color=\"green\">CONTRACULTURA<\/font>\u00ae de la semana<\/p>\n","protected":false},"excerpt":{"rendered":"<p>RESUMEN Ignacio Navarro Valle ACTUALMENTE miembro de CONTRACULTURA, A.C. ..hacemos arquitectura humana\u00ae Consultores de Inversi\u00f3n en Capital Humano y Planeaci\u00f3n Estrat\u00e9gica Consultor, Asesor, Entrenador personal de empresarios, directivos y profesionistas de Jalisco, Aguascalientes, Quer\u00e9taro y DF. Invitado al consejo de C\u00e1maras Empresariales de Jalisco y de empresas en ese estado, Quer\u00e9taro, Michoac\u00e1n, Nayarit, D.F., y [&hellip;]<\/p>\n","protected":false},"author":1,"featured_media":0,"parent":0,"menu_order":0,"comment_status":"open","ping_status":"open","template":"","meta":[],"_links":{"self":[{"href":"https:\/\/nachonavarro.com\/index.php?rest_route=\/wp\/v2\/pages\/2"}],"collection":[{"href":"https:\/\/nachonavarro.com\/index.php?rest_route=\/wp\/v2\/pages"}],"about":[{"href":"https:\/\/nachonavarro.com\/index.php?rest_route=\/wp\/v2\/types\/page"}],"author":[{"embeddable":true,"href":"https:\/\/nachonavarro.com\/index.php?rest_route=\/wp\/v2\/users\/1"}],"replies":[{"embeddable":true,"href":"https:\/\/nachonavarro.com\/index.php?rest_route=%2Fwp%2Fv2%2Fcomments&post=2"}],"version-history":[{"count":22,"href":"https:\/\/nachonavarro.com\/index.php?rest_route=\/wp\/v2\/pages\/2\/revisions"}],"predecessor-version":[{"id":355,"href":"https:\/\/nachonavarro.com\/index.php?rest_route=\/wp\/v2\/pages\/2\/revisions\/355"}],"wp:attachment":[{"href":"https:\/\/nachonavarro.com\/index.php?rest_route=%2Fwp%2Fv2%2Fmedia&parent=2"}],"curies":[{"name":"wp","href":"https:\/\/api.w.org\/{rel}","templated":true}]}}